{"id":22,"date":"2017-10-11T08:53:30","date_gmt":"2017-10-11T08:53:30","guid":{"rendered":"http:\/\/localhost\/yootheme_pro\/2018\/Vision\/Website_WP\/index.php\/services\/"},"modified":"2019-12-02T22:08:27","modified_gmt":"2019-12-02T22:08:27","slug":"services","status":"publish","type":"page","link":"https:\/\/natalino.cl\/?page_id=22","title":{"rendered":"Services"},"content":{"rendered":"<h1>Eventos<\/p>\n<div id=\"gtx-trans\" style=\"position: absolute; left: -23px; top: -17.5px;\">\n<div class=\"gtx-trans-icon\">\u00a0<\/div>\n<\/div>\n<\/h1>\n<h2>Pr\u00f3ximos Eventos<\/h2>\n<ul>\n<li>\n<p>        <img src=\"wp-content\/uploads\/7-de-dicembre.jpg\" alt=\"\"><\/p>\n<h3>7 DE DICIEMBRE<\/h3>\n<div>\n<p><a class=\"_58cn\" href=\"https:\/\/www.facebook.com\/hashtag\/algarrobo?epa=HASHTAG\" data-ft=\"{&quot;type&quot;:104,&quot;tn&quot;:&quot;*N&quot;}\">#Algarrobo<\/a>\u00a0<span class=\"_5mfr\"><span class=\"_6qdm\">&#x1f609;<\/span><\/span>\u00a0nos encontramos el pr\u00f3ximo S\u00e1bado 7 de Diciembre, en\u00a0<a href=\"https:\/\/www.facebook.com\/casadomingaalgarrobo\/?__tn__=%2CdK%2AF-R&amp;eid=ARDG5YEyfjlzfhFz5TjwDWZlMt4CLi5HHk3OIkudJ0tvYDX9ewvARPlO1tI5BYb3Dsdx7vTgyj5Rq81P\" data-hovercard=\"\/ajax\/hovercard\/page.php?id=2925518141007617&amp;extragetparams=%7B%22__tn__%22%3A%22%2CdK%2AF-R%22%2C%22eid%22%3A%22ARDG5YEyfjlzfhFz5TjwDWZlMt4CLi5HHk3OIkudJ0tvYDX9ewvARPlO1tI5BYb3Dsdx7vTgyj5Rq81P%22%2C%22directed_target_id%22%3Anull%2C%22groups_location%22%3Anull%7D\" data-hovercard-prefer-more-content-show=\"1\">Casa Dominga Algarrobo<\/a>\u00a0en un show intimo y ac\u00fastico, a las 21 hrs..<\/p>\n<div id=\"gtx-trans\" style=\"position: absolute; left: -77px; top: -10.5156px;\">\n<div class=\"gtx-trans-icon\">\u00a0<\/div>\n<\/div>\n<\/div>\n<\/li>\n<li>\n<p>        <img src=\"wp-content\/uploads\/27-de-dciembre.jpeg\" alt=\"\"><\/p>\n<h3>27 DE DICIEMBRE<\/h3>\n<div>\n<p>Nos encontramos el pr\u00f3ximo Viernes 27 de Diciembre, en <a href=\"https:\/\/www.facebook.com\/eskenazo\/\">Espacio Eskenazo<\/a> en un show \u00edntimo , lleno de magia a las 21 hrs..<\/p>\n<p>Direcci\u00f3n: <span class=\"_2iem\">Av. Ram\u00f3n Subercaseaux 585 &#8211; <\/span><span class=\"_2iem\">Pirque<\/span><\/p>\n<\/div>\n<\/li>\n<\/ul>\n<p><!-- {\"name\":\"Services\",\"type\":\"layout\",\"children\":[{\"name\":\"Hero\",\"type\":\"section\",\"props\":{\"style\":\"secondary\",\"width\":\"\",\"vertical_align\":\"middle\",\"title_position\":\"top-left\",\"title_rotation\":\"left\",\"title_breakpoint\":\"xl\",\"image_position\":\"center-center\",\"padding\":\"xlarge\",\"header_transparent\":\"light\",\"header_transparent_noplaceholder\":true,\"image\":\"wp-content\\\/uploads\\\/services-hero.jpg\",\"media_blend_mode\":\"\",\"image_effect\":\"parallax\",\"image_parallax_bgy_start\":\"-60\",\"image_parallax_bgy_end\":\"160\",\"image_width\":\"2560\",\"image_height\":\"1440\"},\"children\":[{\"name\":\"\",\"type\":\"row\",\"props\":{\"fixed_width\":\"large\",\"breakpoint\":\"xl\",\"layout\":\",\",\"gutter\":\"large\",\"vertical_align\":true,\"order_last\":false,\"width\":\"default\",\"height\":\"\",\"margin\":\"\"},\"children\":[{\"name\":\"\",\"type\":\"column\",\"props\":{\"widths\":[\"\"],\"image_position\":\"center-center\",\"image\":\"\",\"vertical_align\":\"\",\"style\":\"\",\"text_color\":\"\",\"padding\":\"\",\"media_overlay_gradient\":\"\"},\"children\":[{\"name\":\"\",\"type\":\"headline\",\"props\":{\"title_element\":\"h1\",\"content\":\"Eventos\\n\n\n<div id=\\\"gtx-trans\\\" style=\\\"position: absolute; left: -23px; top: -17.5px;\\\">\\n\n\n<div class=\\\"gtx-trans-icon\\\">\\u00a0<\\\/div>\\n<\\\/div>\",\"title_style\":\"heading-large\",\"text_align\":\"left\",\"text_align_breakpoint\":\"m\",\"text_align_fallback\":\"center\",\"animation\":\"parallax\",\"parallax_opacity_start\":\"1\",\"parallax_opacity_end\":\"0\",\"parallax_viewport\":\"0.9\",\"parallax_y_start\":\"0\",\"parallax_y_end\":\"-40\",\"title_decoration\":\"\",\"title_font_family\":\"\",\"title_color\":\"\",\"position\":\"\",\"position_z_index\":\"\",\"margin\":\"\",\"maxwidth\":\"\",\"maxwidth_breakpoint\":\"\",\"block_align\":\"\",\"block_align_breakpoint\":\"\",\"block_align_fallback\":\"\",\"visibility\":\"\"}}]},{\"name\":\"\",\"type\":\"column\",\"props\":{\"widths\":[\"\"],\"image_position\":\"center-center\",\"vertical_align\":\"middle\",\"style\":\"\",\"text_color\":\"\",\"padding\":\"\",\"media_overlay_gradient\":\"\"},\"children\":[]}]}]},{\"name\":\"Services\",\"type\":\"section\",\"props\":{\"width\":\"default\",\"padding\":\"xlarge\",\"style\":\"default\",\"text_color\":\"\",\"media\":\"\",\"height_viewport\":false,\"header_overlay\":\"light\",\"animation\":\"\",\"padding_remove_top\":false,\"image_size\":\"\",\"image_position\":\"center-center\",\"vertical_align\":\"middle\",\"title_position\":\"top-left\",\"title_rotation\":\"left\",\"title_breakpoint\":\"xl\",\"image\":\"\",\"height\":\"\",\"image_visibility\":\"m\",\"image_effect\":\"parallax\",\"image_parallax_bgy_start\":-250,\"image_parallax_bgy_end\":10,\"image_parallax_breakpoint\":\"m\",\"width_expand\":\"\",\"header_transparent\":\"\"},\"children\":[{\"name\":\"\",\"type\":\"row\",\"props\":{\"fixed_width\":\"large\",\"breakpoint\":\"m\",\"layout\":\"1-1\",\"gutter\":\"\",\"margin\":\"large\",\"width\":\"\",\"width_expand\":\"\",\"height\":\"\"},\"children\":[{\"name\":\"\",\"type\":\"column\",\"props\":{\"widths\":[\"1-1\"],\"image_position\":\"center-left\",\"image\":\"wp-content\\\/uploads\\\/EVENTS.svg\",\"image_visibility\":\"m\",\"image_width\":\"\",\"image_height\":\"\",\"style\":\"default\",\"media_overlay_gradient\":\"\",\"vertical_align\":\"\",\"text_color\":\"\",\"padding\":\"\",\"image_size\":\"\",\"image_effect\":\"parallax\",\"image_parallax_breakpoint\":\"\",\"media_blend_mode\":\"\",\"image_parallax_bgy_start\":\"-10\",\"image_parallax_bgy_end\":\"150\"},\"children\":[{\"name\":\"\",\"type\":\"headline\",\"props\":{\"title_element\":\"h2\",\"content\":\"Pr\\u00f3ximos Eventos\",\"title_style\":\"heading-medium\",\"text_align\":\"left\",\"text_align_breakpoint\":\"s\",\"text_align_fallback\":\"center\",\"animation\":\"\",\"parallax_opacity_start\":\"0.2\",\"parallax_opacity_end\":\"1\",\"parallax_viewport\":\"\",\"title_decoration\":\"\",\"title_font_family\":\"\",\"title_color\":\"\",\"position\":\"\",\"position_z_index\":\"\",\"margin\":\"\",\"maxwidth\":\"\",\"maxwidth_breakpoint\":\"\",\"block_align\":\"\",\"block_align_breakpoint\":\"\",\"block_align_fallback\":\"\",\"visibility\":\"\"}}]}]},{\"name\":\"\",\"type\":\"row\",\"props\":{\"fixed_width\":\"large\",\"breakpoint\":\"m\",\"layout\":\"1-1\",\"margin\":\"large\"},\"children\":[{\"name\":\"\",\"type\":\"column\",\"props\":{\"widths\":[\"1-1\"],\"image_position\":\"center-center\",\"media_overlay_gradient\":\"\"},\"children\":[{\"name\":\"\",\"type\":\"grid\",\"props\":{\"show_title\":true,\"show_meta\":true,\"show_content\":true,\"show_image\":true,\"show_link\":true,\"grid_default\":\"1\",\"grid_medium\":\"3\",\"title_element\":\"h3\",\"meta_style\":\"meta\",\"meta_align\":\"below-title\",\"icon_ratio\":4,\"image_align\":\"top\",\"image_grid_width\":\"1-2\",\"image_breakpoint\":\"m\",\"link_text\":\"Read more\",\"link_style\":\"default\",\"margin\":\"default\",\"grid_small\":\"2\",\"gutter\":\"large\",\"title_decoration\":\"bullet\",\"text_align\":\"left\",\"text_align_breakpoint\":\"s\",\"text_align_fallback\":\"center\",\"item_animation\":\"parallax\",\"parallax_opacity_start\":\"0.2\",\"parallax_opacity_end\":\"1\",\"parallax_viewport\":\"0.2\",\"item_maxwidth\":\"\",\"filter_style\":\"tab\",\"filter_all\":true,\"filter_position\":\"top\",\"filter_align\":\"left\",\"filter_grid_width\":\"auto\",\"filter_breakpoint\":\"m\",\"title_hover_style\":\"reset\",\"title_align\":\"top\",\"title_grid_width\":\"1-2\",\"title_breakpoint\":\"m\",\"image_svg_color\":\"emphasis\",\"grid_large\":\"\",\"grid_xlarge\":\"\",\"filter_margin\":\"\",\"filter_gutter\":\"\",\"title_display\":\"\",\"content_display\":\"\",\"panel_style\":\"\",\"panel_content_padding\":\"\",\"panel_size\":\"\",\"title_style\":\"\",\"title_font_family\":\"\",\"title_color\":\"\",\"title_gutter\":\"\",\"title_margin\":\"\",\"meta_color\":\"\",\"meta_margin\":\"\",\"content_style\":\"\",\"content_margin\":\"\",\"image_transition\":\"\",\"image_border\":\"\",\"image_box_shadow\":\"\",\"image_hover_box_shadow\":\"\",\"image_box_decoration\":\"\",\"icon_color\":\"\",\"image_gutter\":\"\",\"image_margin\":\"\",\"link_type\":\"\",\"link_size\":\"\",\"link_margin\":\"\",\"position\":\"\",\"position_z_index\":\"\",\"maxwidth\":\"\",\"maxwidth_breakpoint\":\"\",\"block_align\":\"\",\"block_align_breakpoint\":\"\",\"block_align_fallback\":\"\",\"visibility\":\"\"},\"children\":[{\"name\":\"\",\"type\":\"grid_item\",\"props\":{\"content\":\"\n\n<p><a class=\\\"_58cn\\\" href=\\\"https:\\\/\\\/www.facebook.com\\\/hashtag\\\/algarrobo?epa=HASHTAG\\\" data-ft=\\\"{&quot;type&quot;:104,&quot;tn&quot;:&quot;*N&quot;}\\\">#Algarrobo<\\\/a>\\u00a0<span class=\\\"_5mfr\\\"><span class=\\\"_6qdm\\\">\\ud83d\\ude09<\\\/span><\\\/span>\\u00a0nos encontramos el pr\\u00f3ximo S\\u00e1bado 7 de Diciembre, en\\u00a0<a href=\\\"https:\\\/\\\/www.facebook.com\\\/casadomingaalgarrobo\\\/?__tn__=%2CdK%2AF-R&amp;eid=ARDG5YEyfjlzfhFz5TjwDWZlMt4CLi5HHk3OIkudJ0tvYDX9ewvARPlO1tI5BYb3Dsdx7vTgyj5Rq81P\\\" data-hovercard=\\\"\\\/ajax\\\/hovercard\\\/page.php?id=2925518141007617&amp;extragetparams=%7B%22__tn__%22%3A%22%2CdK%2AF-R%22%2C%22eid%22%3A%22ARDG5YEyfjlzfhFz5TjwDWZlMt4CLi5HHk3OIkudJ0tvYDX9ewvARPlO1tI5BYb3Dsdx7vTgyj5Rq81P%22%2C%22directed_target_id%22%3Anull%2C%22groups_location%22%3Anull%7D\\\" data-hovercard-prefer-more-content-show=\\\"1\\\">Casa Dominga Algarrobo<\\\/a>\\u00a0en un show intimo y ac\\u00fastico, a las 21 hrs..<\\\/p>\\n\n\n<div id=\\\"gtx-trans\\\" style=\\\"position: absolute; left: -77px; top: -10.5156px;\\\">\\n\n\n<div class=\\\"gtx-trans-icon\\\">\\u00a0<\\\/div>\\n<\\\/div>\",\"title\":\"7 DE DICIEMBRE\",\"image\":\"wp-content\\\/uploads\\\/7-de-dicembre.jpg\"}},{\"name\":\"\",\"type\":\"grid_item\",\"props\":{\"content\":\"\n\n<p>Nos encontramos el pr\\u00f3ximo Viernes 27 de Diciembre, en <a href=\\\"https:\\\/\\\/www.facebook.com\\\/eskenazo\\\/\\\">Espacio Eskenazo<\\\/a> en un show \\u00edntimo , lleno de magia a las 21 hrs..<\\\/p>\\n\n\n<p>Direcci\\u00f3n: <span class=\\\"_2iem\\\">Av. Ram\\u00f3n Subercaseaux 585 - <\\\/span><span class=\\\"_2iem\\\">Pirque<\\\/span><\\\/p>\",\"title\":\"27 DE DICIEMBRE\",\"image\":\"wp-content\\\/uploads\\\/27-de-dciembre.jpeg\"}}]}]}]}]}],\"props\":[],\"version\":\"1.21.4\"} --><\/p>\n","protected":false},"excerpt":{"rendered":"<p>Eventos \u00a0 Pr\u00f3ximos Eventos 7 DE DICIEMBRE #Algarrobo\u00a0&#x1f609;\u00a0nos encontramos el pr\u00f3ximo S\u00e1bado 7 de Diciembre, en\u00a0Casa Dominga Algarrobo\u00a0en un show intimo y ac\u00fastico, a las 21 hrs.. \u00a0 27 DE DICIEMBRE Nos encontramos el pr\u00f3ximo Viernes 27 de Diciembre, en Espacio Eskenazo en un show \u00edntimo , lleno de magia a las 21 hrs.. Direcci\u00f3n: [&hellip;]<\/p>\n","protected":false},"author":1,"featured_media":0,"parent":0,"menu_order":7,"comment_status":"closed","ping_status":"closed","template":"","meta":[],"_links":{"self":[{"href":"https:\/\/natalino.cl\/index.php?rest_route=\/wp\/v2\/pages\/22"}],"collection":[{"href":"https:\/\/natalino.cl\/index.php?rest_route=\/wp\/v2\/pages"}],"about":[{"href":"https:\/\/natalino.cl\/index.php?rest_route=\/wp\/v2\/types\/page"}],"author":[{"embeddable":true,"href":"https:\/\/natalino.cl\/index.php?rest_route=\/wp\/v2\/users\/1"}],"replies":[{"embeddable":true,"href":"https:\/\/natalino.cl\/index.php?rest_route=%2Fwp%2Fv2%2Fcomments&post=22"}],"version-history":[{"count":6,"href":"https:\/\/natalino.cl\/index.php?rest_route=\/wp\/v2\/pages\/22\/revisions"}],"predecessor-version":[{"id":325,"href":"https:\/\/natalino.cl\/index.php?rest_route=\/wp\/v2\/pages\/22\/revisions\/325"}],"wp:attachment":[{"href":"https:\/\/natalino.cl\/index.php?rest_route=%2Fwp%2Fv2%2Fmedia&parent=22"}],"curies":[{"name":"wp","href":"https:\/\/api.w.org\/{rel}","templated":true}]}}